{"id":6,"date":"2022-08-12T14:38:24","date_gmt":"2022-08-12T12:38:24","guid":{"rendered":"http:\/\/studiofivemonkeys.com\/?page_id=6"},"modified":"2025-05-09T15:06:24","modified_gmt":"2025-05-09T13:06:24","slug":"beaux-portfolios-pour-des-creatifs-exceptionnels","status":"publish","type":"page","link":"https:\/\/studiofivemonkeys.com\/","title":{"rendered":"Un atelier atypique aux portes de Paris"},"content":{"rendered":"\n<p class=\"has-text-align-left\">Le Plateau est constitu\u00e9 d\u2019un plateau de prise de vue de 55 m\u00b2, d\u2019une incroyable hauteur sous plafond de 7,50 m et d\u2019une verri\u00e8re z\u00e9nithale occultable \u00e0 90% permettant la prise de vue en lumi\u00e8re naturelle.<\/p>\n\n\n\n<p class=\"has-text-align-left\"> 4 ambiances s\u2019offrent \u00e0 vous : <\/p>\n\n\n\n<ul class=\"wp-block-list\">\n<li>Fonds papiers de 2, 70 m de large, fix\u00e9 \u00e0 3m de haut. <\/li>\n\n\n\n<li>Mur en pierre de taille <\/li>\n\n\n\n<li>Mur en b\u00e9ton brut + sol parquet <\/li>\n\n\n\n<li>Mur blanc textur\u00e9 + sol parquet<\/li>\n<\/ul>\n\n\n\n<p>Vous avez \u00e9galement acc\u00e8s \u00e0 un syst\u00e8me audio, des toilettes, une connexion wifi, une loge HMC en mezzanine et du caf\u00e9 \u00e0 volont\u00e9. <\/p>\n\n\n\n<p><\/p>\n\n\n\n<div style=\"height:55px\" aria-hidden=\"true\" class=\"wp-block-spacer\"><\/div>\n\n\n\n<div class=\"wp-block-group alignfull has-black-background-color has-background\"><div class=\"wp-block-group__inner-container is-layout-flow wp-block-group-is-layout-flow\">\n<h2 class=\"wp-block-heading has-text-align-center has-white-color has-text-color\" id=\"GALERIE\"><strong>GALERIE<\/strong><\/h2>\n\n\n\n<figure class=\"wp-block-gallery aligncenter has-nested-images columns-default is-cropped wp-block-gallery-1 is-layout-flex wp-block-gallery-is-layout-flex\">\n<figure class=\"wp-block-image size-large\"><img loading=\"lazy\" decoding=\"async\" width=\"1024\" height=\"683\" data-id=\"112\" src=\"http:\/\/studiofivemonkeys.com\/wp-content\/uploads\/2022\/09\/F3A9986-1024x683.jpg\" alt=\"\" class=\"wp-image-112\" srcset=\"https:\/\/studiofivemonkeys.com\/wp-content\/uploads\/2022\/09\/F3A9986-1024x683.jpg 1024w, https:\/\/studiofivemonkeys.com\/wp-content\/uploads\/2022\/09\/F3A9986-300x200.jpg 300w, https:\/\/studiofivemonkeys.com\/wp-content\/uploads\/2022\/09\/F3A9986-768x512.jpg 768w, https:\/\/studiofivemonkeys.com\/wp-content\/uploads\/2022\/09\/F3A9986-1536x1025.jpg 1536w, https:\/\/studiofivemonkeys.com\/wp-content\/uploads\/2022\/09\/F3A9986-2000x1334.jpg 2000w, https:\/\/studiofivemonkeys.com\/wp-content\/uploads\/2022\/09\/F3A9986-600x400.jpg 600w, https:\/\/studiofivemonkeys.com\/wp-content\/uploads\/2022\/09\/F3A9986.jpg 2048w\" sizes=\"auto, (max-width: 1024px) 100vw, 1024px\" \/><\/figure>\n\n\n\n<figure class=\"wp-block-image size-large\"><img loading=\"lazy\" decoding=\"async\" width=\"1024\" height=\"683\" data-id=\"110\" src=\"http:\/\/studiofivemonkeys.com\/wp-content\/uploads\/2022\/09\/F3A9988-1024x683.jpg\" alt=\"\" class=\"wp-image-110\" srcset=\"https:\/\/studiofivemonkeys.com\/wp-content\/uploads\/2022\/09\/F3A9988-1024x683.jpg 1024w, https:\/\/studiofivemonkeys.com\/wp-content\/uploads\/2022\/09\/F3A9988-300x200.jpg 300w, https:\/\/studiofivemonkeys.com\/wp-content\/uploads\/2022\/09\/F3A9988-768x512.jpg 768w, https:\/\/studiofivemonkeys.com\/wp-content\/uploads\/2022\/09\/F3A9988-1536x1025.jpg 1536w, https:\/\/studiofivemonkeys.com\/wp-content\/uploads\/2022\/09\/F3A9988-2000x1334.jpg 2000w, https:\/\/studiofivemonkeys.com\/wp-content\/uploads\/2022\/09\/F3A9988-600x400.jpg 600w, https:\/\/studiofivemonkeys.com\/wp-content\/uploads\/2022\/09\/F3A9988.jpg 2048w\" sizes=\"auto, (max-width: 1024px) 100vw, 1024px\" \/><\/figure>\n\n\n\n<figure class=\"wp-block-image size-large\"><img loading=\"lazy\" decoding=\"async\" width=\"1024\" height=\"683\" data-id=\"111\" src=\"http:\/\/studiofivemonkeys.com\/wp-content\/uploads\/2022\/09\/F3A0004-1024x683.jpg\" alt=\"\" class=\"wp-image-111\" srcset=\"https:\/\/studiofivemonkeys.com\/wp-content\/uploads\/2022\/09\/F3A0004-1024x683.jpg 1024w, https:\/\/studiofivemonkeys.com\/wp-content\/uploads\/2022\/09\/F3A0004-300x200.jpg 300w, https:\/\/studiofivemonkeys.com\/wp-content\/uploads\/2022\/09\/F3A0004-768x512.jpg 768w, https:\/\/studiofivemonkeys.com\/wp-content\/uploads\/2022\/09\/F3A0004-1536x1025.jpg 1536w, https:\/\/studiofivemonkeys.com\/wp-content\/uploads\/2022\/09\/F3A0004-2000x1334.jpg 2000w, https:\/\/studiofivemonkeys.com\/wp-content\/uploads\/2022\/09\/F3A0004-600x400.jpg 600w, https:\/\/studiofivemonkeys.com\/wp-content\/uploads\/2022\/09\/F3A0004.jpg 2048w\" sizes=\"auto, (max-width: 1024px) 100vw, 1024px\" \/><\/figure>\n\n\n\n<figure class=\"wp-block-image size-large\"><img loading=\"lazy\" decoding=\"async\" width=\"1024\" height=\"683\" data-id=\"113\" src=\"http:\/\/studiofivemonkeys.com\/wp-content\/uploads\/2022\/09\/F3A9989-1024x683.jpg\" alt=\"\" class=\"wp-image-113\" srcset=\"https:\/\/studiofivemonkeys.com\/wp-content\/uploads\/2022\/09\/F3A9989-1024x683.jpg 1024w, https:\/\/studiofivemonkeys.com\/wp-content\/uploads\/2022\/09\/F3A9989-300x200.jpg 300w, https:\/\/studiofivemonkeys.com\/wp-content\/uploads\/2022\/09\/F3A9989-768x512.jpg 768w, https:\/\/studiofivemonkeys.com\/wp-content\/uploads\/2022\/09\/F3A9989-1536x1025.jpg 1536w, https:\/\/studiofivemonkeys.com\/wp-content\/uploads\/2022\/09\/F3A9989-2000x1334.jpg 2000w, https:\/\/studiofivemonkeys.com\/wp-content\/uploads\/2022\/09\/F3A9989-600x400.jpg 600w, https:\/\/studiofivemonkeys.com\/wp-content\/uploads\/2022\/09\/F3A9989.jpg 2048w\" sizes=\"auto, (max-width: 1024px) 100vw, 1024px\" \/><\/figure>\n\n\n\n<figure class=\"wp-block-image size-large\"><img loading=\"lazy\" decoding=\"async\" width=\"1024\" height=\"683\" data-id=\"114\" src=\"http:\/\/studiofivemonkeys.com\/wp-content\/uploads\/2022\/09\/F3A9992-1024x683.jpg\" alt=\"\" class=\"wp-image-114\" srcset=\"https:\/\/studiofivemonkeys.com\/wp-content\/uploads\/2022\/09\/F3A9992-1024x683.jpg 1024w, https:\/\/studiofivemonkeys.com\/wp-content\/uploads\/2022\/09\/F3A9992-300x200.jpg 300w, https:\/\/studiofivemonkeys.com\/wp-content\/uploads\/2022\/09\/F3A9992-768x512.jpg 768w, https:\/\/studiofivemonkeys.com\/wp-content\/uploads\/2022\/09\/F3A9992-1536x1025.jpg 1536w, https:\/\/studiofivemonkeys.com\/wp-content\/uploads\/2022\/09\/F3A9992-2000x1334.jpg 2000w, https:\/\/studiofivemonkeys.com\/wp-content\/uploads\/2022\/09\/F3A9992-600x400.jpg 600w, https:\/\/studiofivemonkeys.com\/wp-content\/uploads\/2022\/09\/F3A9992.jpg 2048w\" sizes=\"auto, (max-width: 1024px) 100vw, 1024px\" \/><\/figure>\n\n\n\n<figure class=\"wp-block-image size-large\"><img loading=\"lazy\" decoding=\"async\" width=\"1024\" height=\"683\" data-id=\"115\" src=\"http:\/\/studiofivemonkeys.com\/wp-content\/uploads\/2022\/09\/F3A9983-1024x683.jpg\" alt=\"\" class=\"wp-image-115\" srcset=\"https:\/\/studiofivemonkeys.com\/wp-content\/uploads\/2022\/09\/F3A9983-1024x683.jpg 1024w, https:\/\/studiofivemonkeys.com\/wp-content\/uploads\/2022\/09\/F3A9983-300x200.jpg 300w, https:\/\/studiofivemonkeys.com\/wp-content\/uploads\/2022\/09\/F3A9983-768x512.jpg 768w, https:\/\/studiofivemonkeys.com\/wp-content\/uploads\/2022\/09\/F3A9983-1536x1025.jpg 1536w, https:\/\/studiofivemonkeys.com\/wp-content\/uploads\/2022\/09\/F3A9983-2000x1334.jpg 2000w, https:\/\/studiofivemonkeys.com\/wp-content\/uploads\/2022\/09\/F3A9983-600x400.jpg 600w, https:\/\/studiofivemonkeys.com\/wp-content\/uploads\/2022\/09\/F3A9983.jpg 2048w\" sizes=\"auto, (max-width: 1024px) 100vw, 1024px\" \/><\/figure>\n\n\n\n<figure class=\"wp-block-image size-large\"><img loading=\"lazy\" decoding=\"async\" width=\"1024\" height=\"683\" data-id=\"41\" src=\"http:\/\/studiofivemonkeys.com\/wp-content\/uploads\/2022\/08\/IMG_4417--1024x683.jpg\" alt=\"\" class=\"wp-image-41\" srcset=\"https:\/\/studiofivemonkeys.com\/wp-content\/uploads\/2022\/08\/IMG_4417--1024x683.jpg 1024w, https:\/\/studiofivemonkeys.com\/wp-content\/uploads\/2022\/08\/IMG_4417--300x200.jpg 300w, https:\/\/studiofivemonkeys.com\/wp-content\/uploads\/2022\/08\/IMG_4417--768x512.jpg 768w, https:\/\/studiofivemonkeys.com\/wp-content\/uploads\/2022\/08\/IMG_4417--1536x1024.jpg 1536w, https:\/\/studiofivemonkeys.com\/wp-content\/uploads\/2022\/08\/IMG_4417--2048x1365.jpg 2048w, https:\/\/studiofivemonkeys.com\/wp-content\/uploads\/2022\/08\/IMG_4417--2000x1333.jpg 2000w\" sizes=\"auto, (max-width: 1024px) 100vw, 1024px\" \/><\/figure>\n\n\n\n<figure class=\"wp-block-image size-large\"><img loading=\"lazy\" decoding=\"async\" width=\"1024\" height=\"683\" data-id=\"39\" src=\"http:\/\/studiofivemonkeys.com\/wp-content\/uploads\/2022\/08\/F3A3518-1024x683.jpg\" alt=\"\" class=\"wp-image-39\" srcset=\"https:\/\/studiofivemonkeys.com\/wp-content\/uploads\/2022\/08\/F3A3518-1024x683.jpg 1024w, https:\/\/studiofivemonkeys.com\/wp-content\/uploads\/2022\/08\/F3A3518-300x200.jpg 300w, https:\/\/studiofivemonkeys.com\/wp-content\/uploads\/2022\/08\/F3A3518-768x512.jpg 768w, https:\/\/studiofivemonkeys.com\/wp-content\/uploads\/2022\/08\/F3A3518-1536x1024.jpg 1536w, https:\/\/studiofivemonkeys.com\/wp-content\/uploads\/2022\/08\/F3A3518-2048x1366.jpg 2048w, https:\/\/studiofivemonkeys.com\/wp-content\/uploads\/2022\/08\/F3A3518-2000x1334.jpg 2000w\" sizes=\"auto, (max-width: 1024px) 100vw, 1024px\" \/><\/figure>\n\n\n\n<figure class=\"wp-block-image size-large\"><img loading=\"lazy\" decoding=\"async\" width=\"1024\" height=\"683\" data-id=\"42\" src=\"http:\/\/studiofivemonkeys.com\/wp-content\/uploads\/2022\/08\/IMG_4418--1024x683.jpg\" alt=\"\" class=\"wp-image-42\" srcset=\"https:\/\/studiofivemonkeys.com\/wp-content\/uploads\/2022\/08\/IMG_4418--1024x683.jpg 1024w, https:\/\/studiofivemonkeys.com\/wp-content\/uploads\/2022\/08\/IMG_4418--300x200.jpg 300w, https:\/\/studiofivemonkeys.com\/wp-content\/uploads\/2022\/08\/IMG_4418--768x512.jpg 768w\" sizes=\"auto, (max-width: 1024px) 100vw, 1024px\" \/><\/figure>\n<\/figure>\n\n\n\n<p class=\"has-white-color has-text-color\"><\/p>\n<\/div><\/div>\n\n\n\n<div class=\"wp-block-group\"><div class=\"wp-block-group__inner-container is-layout-flow wp-block-group-is-layout-flow\"><\/div><\/div>\n\n\n\n<p><\/p>\n\n\n\n<div class=\"wp-block-group alignfull has-white-background-color has-background\"><div class=\"wp-block-group__inner-container is-layout-flow wp-block-group-is-layout-flow\">\n<h2 class=\"wp-block-heading has-text-align-center\" id=\"PLANS\">PLANS<\/h2>\n\n\n\n<p class=\"has-text-align-center has-black-color has-text-color\">Le studio est en rez de chauss\u00e9e et une aire de d\u00e9chargement int\u00e9rieure est disponible. <\/p>\n\n\n\n<hr class=\"wp-block-separator has-alpha-channel-opacity\"\/>\n\n\n\n<div class=\"wp-block-columns is-layout-flex wp-container-core-columns-is-layout-9d6595d7 wp-block-columns-is-layout-flex\">\n<div class=\"wp-block-column is-vertically-aligned-center is-layout-flow wp-block-column-is-layout-flow\">\n<figure class=\"wp-block-image size-large\"><img loading=\"lazy\" decoding=\"async\" width=\"1024\" height=\"576\" src=\"http:\/\/studiofivemonkeys.com\/wp-content\/uploads\/2022\/08\/Plan-RDC-1024x576.jpg\" alt=\"\" class=\"wp-image-44\" srcset=\"https:\/\/studiofivemonkeys.com\/wp-content\/uploads\/2022\/08\/Plan-RDC-1024x576.jpg 1024w, https:\/\/studiofivemonkeys.com\/wp-content\/uploads\/2022\/08\/Plan-RDC-300x169.jpg 300w, https:\/\/studiofivemonkeys.com\/wp-content\/uploads\/2022\/08\/Plan-RDC-768x432.jpg 768w, https:\/\/studiofivemonkeys.com\/wp-content\/uploads\/2022\/08\/Plan-RDC-1536x864.jpg 1536w, https:\/\/studiofivemonkeys.com\/wp-content\/uploads\/2022\/08\/Plan-RDC-2048x1152.jpg 2048w, https:\/\/studiofivemonkeys.com\/wp-content\/uploads\/2022\/08\/Plan-RDC-2000x1125.jpg 2000w\" sizes=\"auto, (max-width: 1024px) 100vw, 1024px\" \/><\/figure>\n<\/div>\n\n\n\n<div class=\"wp-block-column is-layout-flow wp-block-column-is-layout-flow\">\n<figure class=\"wp-block-image size-large\"><img loading=\"lazy\" decoding=\"async\" width=\"1024\" height=\"576\" src=\"http:\/\/studiofivemonkeys.com\/wp-content\/uploads\/2022\/08\/Plan-mezzanine-1024x576.jpg\" alt=\"\" class=\"wp-image-45\" srcset=\"https:\/\/studiofivemonkeys.com\/wp-content\/uploads\/2022\/08\/Plan-mezzanine-1024x576.jpg 1024w, https:\/\/studiofivemonkeys.com\/wp-content\/uploads\/2022\/08\/Plan-mezzanine-300x169.jpg 300w, https:\/\/studiofivemonkeys.com\/wp-content\/uploads\/2022\/08\/Plan-mezzanine-768x432.jpg 768w, https:\/\/studiofivemonkeys.com\/wp-content\/uploads\/2022\/08\/Plan-mezzanine-1536x864.jpg 1536w, https:\/\/studiofivemonkeys.com\/wp-content\/uploads\/2022\/08\/Plan-mezzanine-2048x1152.jpg 2048w, https:\/\/studiofivemonkeys.com\/wp-content\/uploads\/2022\/08\/Plan-mezzanine-2000x1125.jpg 2000w\" sizes=\"auto, (max-width: 1024px) 100vw, 1024px\" \/><\/figure>\n<\/div>\n<\/div>\n<\/div><\/div>\n\n\n\n<div class=\"wp-block-group\"><div class=\"wp-block-group__inner-container is-layout-flow wp-block-group-is-layout-flow\">\n<p class=\"has-black-color has-text-color\"><\/p>\n\n\n\n<p class=\"has-black-color has-text-color\"><\/p>\n<\/div><\/div>\n\n\n\n<div class=\"wp-block-group alignfull has-cyan-bluish-gray-background-color has-background\"><div class=\"wp-block-group__inner-container is-layout-flow wp-block-group-is-layout-flow\">\n<h2 class=\"wp-block-heading has-text-align-center\" id=\"TARIFS\">TARIFS <\/h2>\n\n\n\n<div class=\"wp-block-columns alignwide is-layout-flex wp-container-core-columns-is-layout-9d6595d7 wp-block-columns-is-layout-flex\">\n<div class=\"wp-block-column has-text-color has-background has-link-color wp-elements-e6a9b90b94837d28dac149eb4b57cfcc is-layout-flow wp-block-column-is-layout-flow\" style=\"color:#000000;background-color:#ffe97d;padding-top:2em;padding-right:2em;padding-bottom:2em;padding-left:2em\">\n<h2 class=\"wp-block-heading\" id=\"single\" style=\"font-size:40px\"><strong>Essentiel<\/strong><\/h2>\n\n\n\n<p class=\"has-normal-font-size\" style=\"line-height:1.5\"><strong>Studio Nu <\/strong><\/p>\n\n\n\n<hr class=\"wp-block-separator has-text-color has-css-opacity has-background is-style-wide\" style=\"background-color:#000000;color:#000000\"\/>\n\n\n\n<ul class=\"wp-block-list has-normal-font-size\">\n<li>Assistant de plateau<\/li>\n\n\n\n<li>1m de fond papier<\/li>\n\n\n\n<li>\u00c9lectricit\u00e9<\/li>\n\n\n\n<li>Caf\u00e9 \u00e0 volont\u00e9<\/li>\n<\/ul>\n\n\n\n<div class=\"wp-block-buttons is-horizontal is-content-justification-center is-layout-flex wp-container-core-buttons-is-layout-1891d752 wp-block-buttons-is-layout-flex\">\n<div class=\"wp-block-button has-custom-width wp-block-button__width-100 is-style-fill\"><a class=\"wp-block-button__link has-white-color has-text-color has-background no-border-radius wp-element-button\" href=\"mailto:location@studiofivemonkeys.com?Subject=R\u00e9servation studio nu une journ\u00e9e;\" style=\"background-color:#000000\" target=\"_blank\" rel=\"noreferrer noopener\">440 \u20ac HT \/ Journ\u00e9e<\/a><\/div>\n\n\n\n<div class=\"wp-block-button has-custom-width wp-block-button__width-100 is-style-fill\"><a class=\"wp-block-button__link has-white-color has-text-color has-background no-border-radius wp-element-button\" href=\"mailto:location@studiofivemonkeys.com?Subject=R\u00e9servation studio nu une demi-journ\u00e9e;\" style=\"background-color:#000000\" target=\"_blank\" rel=\"noreferrer noopener\">390 \u20ac HT \/ Demi-journ\u00e9e<\/a><\/div>\n<\/div>\n<\/div>\n\n\n\n<div class=\"wp-block-column has-text-color has-background has-link-color wp-elements-c52cccad69d5d49a34d58e437f533dff is-layout-flow wp-block-column-is-layout-flow\" style=\"color:#000000;background-color:#d1d1e1;padding-top:2em;padding-right:2em;padding-bottom:2em;padding-left:2em\">\n<h2 class=\"wp-block-heading\" id=\"family\" style=\"font-size:40px\"><strong>L<\/strong>ight<\/h2>\n\n\n\n<p class=\"has-normal-font-size\" style=\"line-height:1.5\"><strong>Studio + lumi\u00e8re continue LED<\/strong><\/p>\n\n\n\n<hr class=\"wp-block-separator has-css-opacity is-style-wide\"\/>\n\n\n\n<ul class=\"wp-block-list has-normal-font-size\">\n<li>Assistant de plateau<\/li>\n\n\n\n<li>1m de fond papier<\/li>\n\n\n\n<li>\u00c9lectricit\u00e9<\/li>\n\n\n\n<li>Caf\u00e9 \u00e0 volont\u00e9<\/li>\n<\/ul>\n\n\n\n<ul class=\"wp-block-list\">\n<li>2 Nanlite Forza 500D <\/li>\n<\/ul>\n\n\n\n<p class=\"has-text-align-center\">ou <\/p>\n\n\n\n<ul class=\"wp-block-list\">\n<li>2 Aputure COB300X<\/li>\n<\/ul>\n\n\n\n<ul class=\"wp-block-list\">\n<li>Modeleurs de lumi\u00e8re (d\u00e9tail sur demande)<\/li>\n<\/ul>\n\n\n\n<div class=\"wp-block-buttons is-horizontal is-content-justification-center is-layout-flex wp-container-core-buttons-is-layout-9393892f wp-block-buttons-is-layout-flex\">\n<div class=\"wp-block-button has-custom-width wp-block-button__width-100 is-style-fill\"><a class=\"wp-block-button__link has-white-color has-text-color has-background no-border-radius wp-element-button\" href=\"mailto:location@studiofivemonkeys.com?Subject=R\u00e9servation studio + lumi\u00e8re LED une journ\u00e9e;\" style=\"background-color:#000000\" target=\"_blank\" rel=\"noreferrer noopener\">540 \u20ac  HT \/ Journ\u00e9e<\/a><\/div>\n\n\n\n<div class=\"wp-block-button has-custom-width wp-block-button__width-100 is-style-fill\"><a class=\"wp-block-button__link has-white-color has-text-color has-background no-border-radius wp-element-button\" href=\"mailto:location@studiofivemonkeys.com?Subject=R\u00e9servation studio + lumi\u00e8re LED une demi-journ\u00e9e;\" style=\"background-color:#000000\" target=\"_blank\" rel=\"noreferrer noopener\">490 \u20ac HT \/ Demi-journ\u00e9e<\/a><\/div>\n<\/div>\n<\/div>\n\n\n\n<div class=\"wp-block-column has-text-color has-background has-link-color wp-elements-337995dc2058b6ad8a96e310e0027bb7 is-layout-flow wp-block-column-is-layout-flow\" style=\"color:#000000;background-color:#c0ebf1;padding-top:2em;padding-right:2em;padding-bottom:2em;padding-left:2em\">\n<h2 class=\"wp-block-heading\" id=\"patron\" style=\"font-size:40px\"><strong>Strobe<\/strong><\/h2>\n\n\n\n<p class=\"has-normal-font-size\"><strong>Studio + lumi\u00e8re flash<\/strong><\/p>\n\n\n\n<hr class=\"wp-block-separator has-css-opacity is-style-wide\"\/>\n\n\n\n<ul class=\"wp-block-list has-normal-font-size\">\n<li>Assistant de plateau<\/li>\n\n\n\n<li>1m de fond papier<\/li>\n\n\n\n<li>\u00c9lectricit\u00e9<\/li>\n\n\n\n<li>Caf\u00e9 \u00e0 volont\u00e9<\/li>\n<\/ul>\n\n\n\n<ul class=\"wp-block-list\">\n<li>G\u00e9n\u00e9rateur Broncolor SCORO 3200J<\/li>\n\n\n\n<li>3 torches 3200J<\/li>\n\n\n\n<li>Modeleurs de lumi\u00e8re (sur demande)<\/li>\n<\/ul>\n\n\n\n<div class=\"wp-block-buttons is-horizontal is-content-justification-center is-layout-flex wp-container-core-buttons-is-layout-9393892f wp-block-buttons-is-layout-flex\">\n<div class=\"wp-block-button has-custom-width wp-block-button__width-100\"><a class=\"wp-block-button__link has-white-color has-text-color has-background no-border-radius wp-element-button\" href=\"mailto:location@studiofivemonkeys.com?Subject=R\u00e9servation studio + flashs une journ\u00e9e;\" style=\"background-color:#000000\" target=\"_blank\" rel=\"noreferrer noopener\">540 \u20ac  HT \/ Journ\u00e9e<\/a><\/div>\n\n\n\n<div class=\"wp-block-button has-custom-width wp-block-button__width-100\"><a class=\"wp-block-button__link has-white-color has-text-color has-background no-border-radius wp-element-button\" href=\"mailto:location@studiofivemonkeys.com?Subject=R\u00e9servation studio + flash une demi-journ\u00e9e;\" style=\"background-color:#000000\" target=\"_blank\" rel=\"noreferrer noopener\">490 \u20ac  HT \/ DEMI-Journ\u00e9e<\/a><\/div>\n<\/div>\n<\/div>\n<\/div>\n<\/div><\/div>\n\n\n\n<div class=\"wp-block-group alignfull has-white-background-color has-background\"><div class=\"wp-block-group__inner-container is-layout-flow wp-block-group-is-layout-flow\">\n<h2 class=\"wp-block-heading has-text-align-center\" id=\"EMPLACEMENT\">EMPLACEMENT<\/h2>\n\n\n\n<p>Le studio est situ\u00e9 Porte d&#8217;Ivry, \u00e0 quelques minutes du p\u00e9riph\u00e9rique, et \u00e0 5 minutes du m\u00e9tro (ligne 7), Tram (T3 et T9) et Bus (125).<\/p>\n\n\n\n<p>Le parking se fait dans la rue (4 \u20ac la journ\u00e9e \u00e0 Ivry-sur-seine)<\/p>\n\n\n\n<p>Une sup\u00e9rette et plusieurs restaurants, boulangerie et traiteur sont accessibles \u00e0 moins de 5 minutes de marche.<\/p>\n\n\n\t\t<div id=\"wpmapblock_85a2d1c4\" data-settings='{&quot;map_marker&quot;:[{&quot;lat&quot;:&quot;48.8166608&quot;,&quot;lng&quot;:&quot;2.3707087&quot;,&quot;title&quot;:&quot;Studio Five Monkeys&quot;,&quot;content&quot;:&quot;&quot;,&quot;iconType&quot;:&quot;default&quot;,&quot;customIconUrl&quot;:&quot;&quot;,&quot;customIconWidth&quot;:&quot;25&quot;,&quot;customIconHeight&quot;:&quot;40&quot;}],&quot;map_zoom&quot;:10,&quot;scroll_wheel_zoom&quot;:false,&quot;map_type&quot;:&quot;GM&quot;,&quot;center_index&quot;:0}' class=\"wpmapblockrender\" style=\"\n\t\t\twidth: 100%;\n\t\t\theight: 500px;\n\t\t\"><\/div>\n        <\/div><\/div>\n\n\n\n<hr class=\"wp-block-separator has-text-color has-white-color has-alpha-channel-opacity has-white-background-color has-background is-style-wide\"\/>\n\n\n\n<div class=\"wp-block-columns is-layout-flex wp-container-core-columns-is-layout-9d6595d7 wp-block-columns-is-layout-flex\">\n<div class=\"wp-block-column is-layout-flow wp-block-column-is-layout-flow\"><\/div>\n\n\n\n<div class=\"wp-block-column is-layout-flow wp-block-column-is-layout-flow\">\n<figure class=\"wp-block-image size-large\"><img loading=\"lazy\" decoding=\"async\" width=\"1024\" height=\"679\" src=\"http:\/\/studiofivemonkeys.com\/wp-content\/uploads\/2022\/08\/monkey-seul-1024x679.png\" alt=\"\" class=\"wp-image-11\" srcset=\"https:\/\/studiofivemonkeys.com\/wp-content\/uploads\/2022\/08\/monkey-seul-1024x679.png 1024w, https:\/\/studiofivemonkeys.com\/wp-content\/uploads\/2022\/08\/monkey-seul-300x199.png 300w, https:\/\/studiofivemonkeys.com\/wp-content\/uploads\/2022\/08\/monkey-seul-768x509.png 768w, https:\/\/studiofivemonkeys.com\/wp-content\/uploads\/2022\/08\/monkey-seul.png 1447w\" sizes=\"auto, (max-width: 1024px) 100vw, 1024px\" \/><\/figure>\n<\/div>\n\n\n\n<div class=\"wp-block-column is-layout-flow wp-block-column-is-layout-flow\"><\/div>\n<\/div>\n","protected":false},"excerpt":{"rendered":"<p>Le Plateau est constitu\u00e9 d\u2019un plateau de prise de vue de 55 m\u00b2, d\u2019une incroyable hauteur sous plafond de 7,50 m et d\u2019une verri\u00e8re z\u00e9nithale occultable \u00e0 90% permettant la prise de vue en lumi\u00e8re naturelle. 4 ambiances s\u2019offrent \u00e0 vous : Vous avez \u00e9galement acc\u00e8s \u00e0 un syst\u00e8me audio, des toilettes, une connexion wifi, &hellip; <\/p>\n<p class=\"link-more\"><a href=\"https:\/\/studiofivemonkeys.com\/\" class=\"more-link\">Read more<span class=\"screen-reader-text\"> &#8220;Un atelier atypique aux portes de Paris&#8221;<\/span><\/a><\/p>\n","protected":false},"author":1,"featured_media":5,"parent":0,"menu_order":0,"comment_status":"closed","ping_status":"closed","template":"","meta":{"footnotes":""},"class_list":["post-6","page","type-page","status-publish","has-post-thumbnail","hentry"],"featured_media_urls":{"thumbnail":["https:\/\/studiofivemonkeys.com\/wp-content\/uploads\/2022\/08\/StockSnap_M6D1GS9PSL-150x150.jpg",150,150,true],"medium":["https:\/\/studiofivemonkeys.com\/wp-content\/uploads\/2022\/08\/StockSnap_M6D1GS9PSL-300x198.jpg",300,198,true],"medium_large":["https:\/\/studiofivemonkeys.com\/wp-content\/uploads\/2022\/08\/StockSnap_M6D1GS9PSL-768x506.jpg",768,506,true],"large":["https:\/\/studiofivemonkeys.com\/wp-content\/uploads\/2022\/08\/StockSnap_M6D1GS9PSL-1024x674.jpg",950,625,true],"1536x1536":["https:\/\/studiofivemonkeys.com\/wp-content\/uploads\/2022\/08\/StockSnap_M6D1GS9PSL-1536x1011.jpg",1536,1011,true],"2048x2048":["https:\/\/studiofivemonkeys.com\/wp-content\/uploads\/2022\/08\/StockSnap_M6D1GS9PSL.jpg",2000,1317,false],"inspiro-featured-image":["https:\/\/studiofivemonkeys.com\/wp-content\/uploads\/2022\/08\/StockSnap_M6D1GS9PSL.jpg",2000,1317,false],"inspiro-loop":["https:\/\/studiofivemonkeys.com\/wp-content\/uploads\/2022\/08\/StockSnap_M6D1GS9PSL-950x320.jpg",950,320,true],"inspiro-loop@2x":["https:\/\/studiofivemonkeys.com\/wp-content\/uploads\/2022\/08\/StockSnap_M6D1GS9PSL-1900x640.jpg",1900,640,true],"portfolio_item-thumbnail":["https:\/\/studiofivemonkeys.com\/wp-content\/uploads\/2022\/08\/StockSnap_M6D1GS9PSL.jpg",600,395,false],"portfolio_item-masonry":["https:\/\/studiofivemonkeys.com\/wp-content\/uploads\/2022\/08\/StockSnap_M6D1GS9PSL.jpg",600,395,false],"portfolio_item-thumbnail_cinema":["https:\/\/studiofivemonkeys.com\/wp-content\/uploads\/2022\/08\/StockSnap_M6D1GS9PSL.jpg",509,335,false],"portfolio_item-thumbnail_portrait":["https:\/\/studiofivemonkeys.com\/wp-content\/uploads\/2022\/08\/StockSnap_M6D1GS9PSL.jpg",600,395,false],"portfolio_item-thumbnail_square":["https:\/\/studiofivemonkeys.com\/wp-content\/uploads\/2022\/08\/StockSnap_M6D1GS9PSL.jpg",800,527,false]},"_links":{"self":[{"href":"https:\/\/studiofivemonkeys.com\/index.php\/wp-json\/wp\/v2\/pages\/6","targetHints":{"allow":["GET"]}}],"collection":[{"href":"https:\/\/studiofivemonkeys.com\/index.php\/wp-json\/wp\/v2\/pages"}],"about":[{"href":"https:\/\/studiofivemonkeys.com\/index.php\/wp-json\/wp\/v2\/types\/page"}],"author":[{"embeddable":true,"href":"https:\/\/studiofivemonkeys.com\/index.php\/wp-json\/wp\/v2\/users\/1"}],"replies":[{"embeddable":true,"href":"https:\/\/studiofivemonkeys.com\/index.php\/wp-json\/wp\/v2\/comments?post=6"}],"version-history":[{"count":42,"href":"https:\/\/studiofivemonkeys.com\/index.php\/wp-json\/wp\/v2\/pages\/6\/revisions"}],"predecessor-version":[{"id":125,"href":"https:\/\/studiofivemonkeys.com\/index.php\/wp-json\/wp\/v2\/pages\/6\/revisions\/125"}],"wp:featuredmedia":[{"embeddable":true,"href":"https:\/\/studiofivemonkeys.com\/index.php\/wp-json\/wp\/v2\/media\/5"}],"wp:attachment":[{"href":"https:\/\/studiofivemonkeys.com\/index.php\/wp-json\/wp\/v2\/media?parent=6"}],"curies":[{"name":"wp","href":"https:\/\/api.w.org\/{rel}","templated":true}]}}